{"id":3358,"date":"2025-02-18T17:46:56","date_gmt":"2025-02-18T16:46:56","guid":{"rendered":"https:\/\/bypark.es\/?page_id=3358"},"modified":"2025-05-22T13:15:53","modified_gmt":"2025-05-22T11:15:53","slug":"inversiones","status":"publish","type":"page","link":"https:\/\/bypark.es\/fr\/inversiones\/","title":{"rendered":"Investissements"},"content":{"rendered":"<div data-elementor-type=\"wp-page\" data-elementor-id=\"3358\" class=\"elementor elementor-3358\" data-elementor-post-type=\"page\">\n\t\t\t\t<div class=\"elementor-element elementor-element-d090479 e-flex e-con-boxed e-con e-parent\" data-id=\"d090479\" data-element_type=\"container\" data-settings=\"{&quot;background_background&quot;:&quot;slideshow&quot;,&quot;background_slideshow_gallery&quot;:[{&quot;id&quot;:3474,&quot;url&quot;:&quot;https:\\\/\\\/bypark.es\\\/wp-content\\\/uploads\\\/sites\\\/23\\\/2025\\\/05\\\/emotionheader_2.jpg&quot;},{&quot;id&quot;:3475,&quot;url&quot;:&quot;https:\\\/\\\/bypark.es\\\/wp-content\\\/uploads\\\/sites\\\/23\\\/2025\\\/05\\\/multi-storey-car-park-1271919_1920-e1721744604360.jpg&quot;},{&quot;id&quot;:3476,&quot;url&quot;:&quot;https:\\\/\\\/bypark.es\\\/wp-content\\\/uploads\\\/sites\\\/23\\\/2025\\\/05\\\/mercedes-benz_v_300_d_avantgarde_3.jpeg&quot;}],&quot;background_slideshow_loop&quot;:&quot;yes&quot;,&quot;background_slideshow_slide_duration&quot;:5000,&quot;background_slideshow_slide_transition&quot;:&quot;fade&quot;,&quot;background_slideshow_transition_duration&quot;:500}\">\n\t\t\t\t\t<div class=\"e-con-inner\">\n\t\t\t\t<div class=\"elementor-element elementor-element-584f9ec elementor-widget elementor-widget-heading\" data-id=\"584f9ec\" data-element_type=\"widget\" data-widget_type=\"heading.default\">\n\t\t\t\t<div class=\"elementor-widget-container\">\n\t\t\t\t\t<h1 class=\"elementor-heading-title elementor-size-default\">Analyse d&#039;investissement<\/h1>\t\t\t\t<\/div>\n\t\t\t\t<\/div>\n\t\t\t\t\t<\/div>\n\t\t\t\t<\/div>\n\t\t<div class=\"elementor-element elementor-element-064d852 e-flex e-con-boxed e-con e-parent\" data-id=\"064d852\" data-element_type=\"container\">\n\t\t\t\t\t<div class=\"e-con-inner\">\n\t\t\t\t<div class=\"elementor-element elementor-element-5e54ff2 elementor-widget elementor-widget-heading\" data-id=\"5e54ff2\" data-element_type=\"widget\" data-widget_type=\"heading.default\">\n\t\t\t\t<div class=\"elementor-widget-container\">\n\t\t\t\t\t<h2 class=\"elementor-heading-title elementor-size-default\">Bypark recherche et offre aux investisseurs la possibilit\u00e9 d&#039;acheter des parkings avec potentiel d&#039;am\u00e9lioration.<\/h2>\t\t\t\t<\/div>\n\t\t\t\t<\/div>\n\t\t\t\t<div class=\"elementor-element elementor-element-29d282e elementor-widget elementor-widget-text-editor\" data-id=\"29d282e\" data-element_type=\"widget\" data-widget_type=\"text-editor.default\">\n\t\t\t\t<div class=\"elementor-widget-container\">\n\t\t\t\t\t\t\t\t\t<p>Par cons\u00e9quent, dans toute op\u00e9ration que nous proposons, <strong>Nous analysons les possibilit\u00e9s d&#039;am\u00e9liorer vos revenus<\/strong>, <strong>optimisation de la structure des d\u00e9penses<\/strong>, <strong>l&#039;offre et la demande de la r\u00e9gion<\/strong>, <strong>l&#039;\u00e9tat des installations<\/strong>, etc.<\/p>\n\n<p>Dans toutes les op\u00e9rations <strong>Nous analysons de mani\u00e8re compl\u00e8te et d\u00e9taill\u00e9e<\/strong> \u00e0 la fois la structure des revenus, l&#039;analyse de la <strong>l&#039;offre et la demande dans la r\u00e9gion<\/strong> et les possibilit\u00e9s d\u2019am\u00e9liorer leurs revenus, comme <strong>\u00e9valuation de l&#039;\u00e9tat des installations<\/strong> et <strong>optimisation de la structure globale des d\u00e9penses<\/strong>.<\/p>\n\n<p><strong>Nous offrons \u00e0 l&#039;investisseur une proposition \u00ab cl\u00e9 en main \u00bb<\/strong>, garantissant que le parking sera exploit\u00e9 efficacement.<\/p>\n\n<p><strong>Bypark.es s&#039;engage aupr\u00e8s des investisseurs avec une proposition de \u00ab rentabilit\u00e9 garantie \u00bb.<\/strong><\/p>\n\n<p><strong>Nous offrons un revenu mensuel fixe<\/strong>, quels que soient les revenus du stationnement.<\/p>\n<p><strong>Nous offrons un revenu variable compl\u00e9mentaire<\/strong> calcul\u00e9 sur la base d&#039;un pourcentage des am\u00e9liorations dans l&#039;exploitation des revenus obtenues par <strong>bypark.es<\/strong>.<\/p>\n\t\t\t\t\t\t\t\t<\/div>\n\t\t\t\t<\/div>\n\t\t\t\t\t<\/div>\n\t\t\t\t<\/div>\n\t\t\t\t<\/div>","protected":false},"excerpt":{"rendered":"<p>An\u00e1lisis de Inversiones Bypark busca y ofrece al inversor, operaciones de compra de aparcamientos con potencial de mejora. Por ello, [&hellip;]<\/p>","protected":false},"author":1,"featured_media":1682,"parent":0,"menu_order":0,"comment_status":"closed","ping_status":"closed","template":"elementor_header_footer","meta":{"site-sidebar-layout":"default","site-content-layout":"","ast-site-content-layout":"","site-content-style":"default","site-sidebar-style":"default","ast-global-header-display":"","ast-banner-title-visibility":"","ast-main-header-display":"","ast-hfb-above-header-display":"","ast-hfb-below-header-display":"","ast-hfb-mobile-header-display":"","site-post-title":"","ast-breadcrumbs-content":"","ast-featured-img":"","footer-sml-layout":"","theme-transparent-header-meta":"","adv-header-id-meta":"","stick-header-meta":"","header-above-stick-meta":"","header-main-stick-meta":"","header-below-stick-meta":"","astra-migrate-meta-layouts":"default","ast-page-background-enabled":"default","ast-page-background-meta":{"desktop":{"background-color":"var(--ast-global-color-4)","background-image":"","background-repeat":"repeat","background-position":"center center","background-size":"auto","background-attachment":"scroll","background-type":"","background-media":"","overlay-type":"","overlay-color":"","overlay-opacity":"","overlay-gradient":""},"tablet":{"background-color":"","background-image":"","background-repeat":"repeat","background-position":"center center","background-size":"auto","background-attachment":"scroll","background-type":"","background-media":"","overlay-type":"","overlay-color":"","overlay-opacity":"","overlay-gradient":""},"mobile":{"background-color":"","background-image":"","background-repeat":"repeat","background-position":"center center","background-size":"auto","background-attachment":"scroll","background-type":"","background-media":"","overlay-type":"","overlay-color":"","overlay-opacity":"","overlay-gradient":""}},"ast-content-background-meta":{"desktop":{"background-color":"var(--ast-global-color-5)","background-image":"","background-repeat":"repeat","background-position":"center center","background-size":"auto","background-attachment":"scroll","background-type":"","background-media":"","overlay-type":"","overlay-color":"","overlay-opacity":"","overlay-gradient":""},"tablet":{"background-color":"var(--ast-global-color-5)","background-image":"","background-repeat":"repeat","background-position":"center center","background-size":"auto","background-attachment":"scroll","background-type":"","background-media":"","overlay-type":"","overlay-color":"","overlay-opacity":"","overlay-gradient":""},"mobile":{"background-color":"var(--ast-global-color-5)","background-image":"","background-repeat":"repeat","background-position":"center center","background-size":"auto","background-attachment":"scroll","background-type":"","background-media":"","overlay-type":"","overlay-color":"","overlay-opacity":"","overlay-gradient":""}},"footnotes":""},"class_list":["post-3358","page","type-page","status-publish","has-post-thumbnail","hentry"],"acf":[],"yoast_head":"<!-- This site is optimized with the Yoast SEO plugin v22.8 - https:\/\/yoast.com\/wordpress\/plugins\/seo\/ -->\n<title>Bypark - Inversiones<\/title>\n<meta name=\"robots\" content=\"index, follow, max-snippet:-1, max-image-preview:large, max-video-preview:-1\" \/>\n<link rel=\"canonical\" href=\"https:\/\/bypark.es\/fr\/inversiones\/\" \/>\n<meta property=\"og:locale\" content=\"fr_FR\" \/>\n<meta property=\"og:type\" content=\"article\" \/>\n<meta property=\"og:title\" content=\"Bypark - Inversiones\" \/>\n<meta property=\"og:description\" content=\"An\u00e1lisis de Inversiones Bypark busca y ofrece al inversor, operaciones de compra de aparcamientos con potencial de mejora. Por ello, [&hellip;]\" \/>\n<meta property=\"og:url\" content=\"https:\/\/bypark.es\/fr\/inversiones\/\" \/>\n<meta property=\"og:site_name\" content=\"Bypark\" \/>\n<meta property=\"article:modified_time\" content=\"2025-05-22T11:15:53+00:00\" \/>\n<meta property=\"og:image\" content=\"https:\/\/bypark.es\/wp-content\/uploads\/sites\/23\/2024\/06\/Capture-2024-06-06-153425.png\" \/>\n\t<meta property=\"og:image:width\" content=\"600\" \/>\n\t<meta property=\"og:image:height\" content=\"200\" \/>\n\t<meta property=\"og:image:type\" content=\"image\/png\" \/>\n<meta name=\"twitter:card\" content=\"summary_large_image\" \/>\n<meta name=\"twitter:label1\" content=\"Dur\u00e9e de lecture estim\u00e9e\" \/>\n\t<meta name=\"twitter:data1\" content=\"1 minute\" \/>\n<script type=\"application\/ld+json\" class=\"yoast-schema-graph\">{\"@context\":\"https:\/\/schema.org\",\"@graph\":[{\"@type\":\"WebPage\",\"@id\":\"https:\/\/bypark.es\/inversiones\/\",\"url\":\"https:\/\/bypark.es\/inversiones\/\",\"name\":\"Bypark - Inversiones\",\"isPartOf\":{\"@id\":\"https:\/\/bypark.es\/#website\"},\"primaryImageOfPage\":{\"@id\":\"https:\/\/bypark.es\/inversiones\/#primaryimage\"},\"image\":{\"@id\":\"https:\/\/bypark.es\/inversiones\/#primaryimage\"},\"thumbnailUrl\":\"https:\/\/bypark.es\/wp-content\/uploads\/sites\/23\/2024\/06\/Capture-2024-06-06-153425.png\",\"datePublished\":\"2025-02-18T16:46:56+00:00\",\"dateModified\":\"2025-05-22T11:15:53+00:00\",\"breadcrumb\":{\"@id\":\"https:\/\/bypark.es\/inversiones\/#breadcrumb\"},\"inLanguage\":\"fr-FR\",\"potentialAction\":[{\"@type\":\"ReadAction\",\"target\":[\"https:\/\/bypark.es\/inversiones\/\"]}]},{\"@type\":\"ImageObject\",\"inLanguage\":\"fr-FR\",\"@id\":\"https:\/\/bypark.es\/inversiones\/#primaryimage\",\"url\":\"https:\/\/bypark.es\/wp-content\/uploads\/sites\/23\/2024\/06\/Capture-2024-06-06-153425.png\",\"contentUrl\":\"https:\/\/bypark.es\/wp-content\/uploads\/sites\/23\/2024\/06\/Capture-2024-06-06-153425.png\",\"width\":600,\"height\":200},{\"@type\":\"BreadcrumbList\",\"@id\":\"https:\/\/bypark.es\/inversiones\/#breadcrumb\",\"itemListElement\":[{\"@type\":\"ListItem\",\"position\":1,\"name\":\"Home\",\"item\":\"https:\/\/bypark.es\/\"},{\"@type\":\"ListItem\",\"position\":2,\"name\":\"Inversiones\"}]},{\"@type\":\"WebSite\",\"@id\":\"https:\/\/bypark.es\/#website\",\"url\":\"https:\/\/bypark.es\/\",\"name\":\"Bypark\",\"description\":\"\",\"potentialAction\":[{\"@type\":\"SearchAction\",\"target\":{\"@type\":\"EntryPoint\",\"urlTemplate\":\"https:\/\/bypark.es\/?s={search_term_string}\"},\"query-input\":\"required name=search_term_string\"}],\"inLanguage\":\"fr-FR\"}]}<\/script>\n<!-- \/ Yoast SEO plugin. -->","yoast_head_json":{"title":"Bypark - Inversiones","robots":{"index":"index","follow":"follow","max-snippet":"max-snippet:-1","max-image-preview":"max-image-preview:large","max-video-preview":"max-video-preview:-1"},"canonical":"https:\/\/bypark.es\/fr\/inversiones\/","og_locale":"fr_FR","og_type":"article","og_title":"Bypark - Inversiones","og_description":"An\u00e1lisis de Inversiones Bypark busca y ofrece al inversor, operaciones de compra de aparcamientos con potencial de mejora. Por ello, [&hellip;]","og_url":"https:\/\/bypark.es\/fr\/inversiones\/","og_site_name":"Bypark","article_modified_time":"2025-05-22T11:15:53+00:00","og_image":[{"width":600,"height":200,"url":"https:\/\/bypark.es\/wp-content\/uploads\/sites\/23\/2024\/06\/Capture-2024-06-06-153425.png","type":"image\/png"}],"twitter_card":"summary_large_image","twitter_misc":{"Dur\u00e9e de lecture estim\u00e9e":"1 minute"},"schema":{"@context":"https:\/\/schema.org","@graph":[{"@type":"WebPage","@id":"https:\/\/bypark.es\/inversiones\/","url":"https:\/\/bypark.es\/inversiones\/","name":"Bypark - Inversiones","isPartOf":{"@id":"https:\/\/bypark.es\/#website"},"primaryImageOfPage":{"@id":"https:\/\/bypark.es\/inversiones\/#primaryimage"},"image":{"@id":"https:\/\/bypark.es\/inversiones\/#primaryimage"},"thumbnailUrl":"https:\/\/bypark.es\/wp-content\/uploads\/sites\/23\/2024\/06\/Capture-2024-06-06-153425.png","datePublished":"2025-02-18T16:46:56+00:00","dateModified":"2025-05-22T11:15:53+00:00","breadcrumb":{"@id":"https:\/\/bypark.es\/inversiones\/#breadcrumb"},"inLanguage":"fr-FR","potentialAction":[{"@type":"ReadAction","target":["https:\/\/bypark.es\/inversiones\/"]}]},{"@type":"ImageObject","inLanguage":"fr-FR","@id":"https:\/\/bypark.es\/inversiones\/#primaryimage","url":"https:\/\/bypark.es\/wp-content\/uploads\/sites\/23\/2024\/06\/Capture-2024-06-06-153425.png","contentUrl":"https:\/\/bypark.es\/wp-content\/uploads\/sites\/23\/2024\/06\/Capture-2024-06-06-153425.png","width":600,"height":200},{"@type":"BreadcrumbList","@id":"https:\/\/bypark.es\/inversiones\/#breadcrumb","itemListElement":[{"@type":"ListItem","position":1,"name":"Home","item":"https:\/\/bypark.es\/"},{"@type":"ListItem","position":2,"name":"Inversiones"}]},{"@type":"WebSite","@id":"https:\/\/bypark.es\/#website","url":"https:\/\/bypark.es\/","name":"Bypark","description":"","potentialAction":[{"@type":"SearchAction","target":{"@type":"EntryPoint","urlTemplate":"https:\/\/bypark.es\/?s={search_term_string}"},"query-input":"required name=search_term_string"}],"inLanguage":"fr-FR"}]}},"_links":{"self":[{"href":"https:\/\/bypark.es\/fr\/wp-json\/wp\/v2\/pages\/3358","targetHints":{"allow":["GET"]}}],"collection":[{"href":"https:\/\/bypark.es\/fr\/wp-json\/wp\/v2\/pages"}],"about":[{"href":"https:\/\/bypark.es\/fr\/wp-json\/wp\/v2\/types\/page"}],"author":[{"embeddable":true,"href":"https:\/\/bypark.es\/fr\/wp-json\/wp\/v2\/users\/1"}],"replies":[{"embeddable":true,"href":"https:\/\/bypark.es\/fr\/wp-json\/wp\/v2\/comments?post=3358"}],"version-history":[{"count":16,"href":"https:\/\/bypark.es\/fr\/wp-json\/wp\/v2\/pages\/3358\/revisions"}],"predecessor-version":[{"id":3479,"href":"https:\/\/bypark.es\/fr\/wp-json\/wp\/v2\/pages\/3358\/revisions\/3479"}],"wp:featuredmedia":[{"embeddable":true,"href":"https:\/\/bypark.es\/fr\/wp-json\/wp\/v2\/media\/1682"}],"wp:attachment":[{"href":"https:\/\/bypark.es\/fr\/wp-json\/wp\/v2\/media?parent=3358"}],"curies":[{"name":"wp","href":"https:\/\/api.w.org\/{rel}","templated":true}]}}